{"id":509,"date":"2024-11-25T11:42:09","date_gmt":"2024-11-25T09:42:09","guid":{"rendered":"https:\/\/www3.servim-comunitatea.ro\/?page_id=509"},"modified":"2024-11-25T17:33:06","modified_gmt":"2024-11-25T15:33:06","slug":"brancusi-pentru-toti","status":"publish","type":"page","link":"https:\/\/www.servim-comunitatea.ro\/index.php\/brancusi-pentru-toti\/","title":{"rendered":"Brancusi pentru toti"},"content":{"rendered":"\n<div class=\"wp-block-getwid-section alignfull alignfull getwid-section-content-custom-width\"><div class=\"wp-block-getwid-section__wrapper getwid-padding-left-medium getwid-padding-right-medium\"><div class=\"wp-block-getwid-section__inner-wrapper\" style=\"max-width:740px\"><div class=\"wp-block-getwid-section__background-holder\"><div class=\"wp-block-getwid-section__background\"><\/div><div class=\"wp-block-getwid-section__foreground\"><\/div><\/div><div class=\"wp-block-getwid-section__content\"><div class=\"wp-block-getwid-section__inner-content\">\n<div class=\"wp-block-getwid-images-slider has-arrows-inside has-dots-inside has-images-center has-fitted-images\"><div class=\"wp-block-getwid-images-slider__wrapper\" data-effect=\"fade\" data-slides-show=\"1\" data-slides-show-laptop=\"1\" data-slides-show-tablet=\"1\" data-slides-show-mobile=\"1\" data-slides-scroll=\"1\" data-autoplay=\"true\" data-pause-hover=\"false\" data-autoplay-speed=\"6000\" data-infinite=\"true\" data-animation-speed=\"800\" data-center-mode=\"false\" data-variable-width=\"false\" data-arrows=\"inside\" data-dots=\"inside\" data-spacing=\"none\"><div class=\"wp-block-getwid-images-slider__item\"><figure><img loading=\"lazy\" decoding=\"async\" width=\"284\" height=\"400\" src=\"https:\/\/www.servim-comunitatea.ro\/wp-content\/uploads\/2024\/11\/Afis-a3_001-e1732527671790.jpg\" data-id=\"510\" class=\"wp-block-getwid-images-slider__image wp-image-510\"\/><\/figure><\/div><div class=\"wp-block-getwid-images-slider__item\"><figure><img loading=\"lazy\" decoding=\"async\" width=\"533\" height=\"400\" src=\"https:\/\/www.servim-comunitatea.ro\/wp-content\/uploads\/2024\/11\/Poza-1-e1732527708430.jpeg\" data-id=\"511\" class=\"wp-block-getwid-images-slider__image wp-image-511\"\/><\/figure><\/div><\/div><\/div>\n\n\n<p class=\" has-arial-font-family has-custom-font eplus-wrapper eplus-styles-uid-08936c\" style=\"font-family:Arial\">Proiectul<strong> &#8220;Brancusi pentru To\u021bi\u201d <\/strong>este un proiect dedicat persoanelor cu dizabilit\u0103\u021bi, care \u00ee\u0219i propune s\u0103 aduc\u0103 mobilitatea, arta \u0219i inspira\u021bia lui Constantin Br\u00e2ncu\u0219i \u00een vie\u021bile lor, oferind oportunit\u0103\u021bi de exprimare artistic\u0103 \u0219i acces la patrimoniul cultural cat si aducerea mobilitatatii sociale \u00eentr-un mod inclusiv \u0219i accesibil.<\/p>\n\n<p class=\" has-arial-font-family has-custom-font eplus-wrapper eplus-styles-uid-08936c\" style=\"font-family:Arial\">Prin proiectul <strong>&#8220;Br\u00e2ncu\u0219i pentru To\u021bi&#8221;<\/strong> ne propunem s\u0103 aducem arta lui Constantin Br\u00e2ncu\u0219i mai aproape de persoanele cu dizabilit\u0103\u021bi, facilit\u00e2ndu-le accesul \u0219i interac\u021biunea cu operele sale. Scopul nostru este s\u0103 cre\u0103m un mediu inclusiv \u0219i accesibil \u00een care to\u021bi oamenii, indiferent de dizabilit\u0103\u021bi, s\u0103 poat\u0103 experimenta \u0219i \u00een\u021belege \u00een profunzime crea\u021biile artistice ale lui Br\u00e2ncu\u0219i.<\/p>\n\n<p class=\" has-arial-font-family has-custom-font eplus-wrapper eplus-styles-uid-08936c\" style=\"font-family:Arial\">Proiectul &#8220;<strong>Br\u00e2ncu\u0219i pentru To\u021bi&#8221;<\/strong> reprezint\u0103 un angajament ferm fa\u021b\u0103 de incluziunea \u0219i accesibilitatea \u00een domeniul cultural si al mobilitatii persoanelor cu dizabilitati. Ne dorim s\u0103 aducem arta \u0219i \u00een\u021belegerea lui Constantin Br\u00e2ncu\u0219i la nivelul tuturor, oferind persoanelor cu dizabilit\u0103\u021bi oportunitatea de a se conecta cu mo\u0219tenirea cultural\u0103 \u0219i artistic\u0103 a lumii \u00eentr-un mod semnificativ \u0219i personal. De asemenea, in judetul lui Brancusi, vrem sa asiguram mobilitatea si accesul persoanelor cu dizabilitati la institutii, cabinete medicale, centre de recuperare cu ajutorul unui autoturism adaptat persoanelor in scaun rulant.<\/p>\n\n<p class=\" has-arial-font-family has-custom-font eplus-wrapper eplus-styles-uid-08936c\" style=\"font-family:Arial\">Scopul proiectului este s\u0103 cre\u0103m un mediu integrativ \u00een care persoanele cu dizabilit\u0103\u021bi pot experimenta \u0219i interac\u021biona cu arta lui Constantin Br\u00e2ncu\u0219i \u00eentr-un mod inovator \u0219i inclusiv.<\/p>\n\n<p class=\" has-arial-font-family has-custom-font eplus-wrapper eplus-styles-uid-08936c\" style=\"font-family:Arial\">Acest proiect este cofinantat din bugetul Judetului Gorj pentru anul 2024.<\/p>\n\n<p class=\" has-arial-font-family has-custom-font eplus-wrapper eplus-styles-uid-eb50a4\" style=\"font-family:Arial\"><strong>Rezultatele proiectului<\/strong>:<\/p>\n\n<ul class=\" eplus-styles-uid-bd4ae6\">\n<li>realizarea a 4 ateliere de pictura pe panza rezultand un umar de 28-30 de tablouri pictate cu promovarea judetului Gorj<\/li>\n<li>desfasurarea unei tabere de picture pe durata a 4 zile si pictarea unei suprafete de 40 de metri liniari cu 2.50 m inaltime<\/li>\n<li>atelier traforaj si realizarea unui numar de 10 lucrari din placaj<\/li>\n<li>realizarea unei expozitii publice la Centrul de zi Christian cu picturile si elementele de traforaj realizate de catre persoanele cu dizabilitati in cadrulmacestui proiect<\/li>\n<li>o vizionare de film despre Brancusi si opera lui<\/li>\n<li>o excursie la casa memoriala Constantin Brancusi din Hobita<\/li>\n<li>un eveniment cultural realizat la casa memoriala Constantin Brancusi din Hobita<\/li>\n<li>o brosura dedicata persoanelor cu dizabilitati care pot citi, realizata cu 12-15 opere ale lui Brancusi cu explicatii relevante si limbaj facil pentru persoane cu diferite tipuri de dizabilitati<\/li>\n<li>un Set de 3 machete tridimensionale cu dimensiuni \u00eentre 30 cm \u2013 70 cm cu ansamblul monumental Constantin Brancusi din Targu-Jiu pentru deficienti de vedere<\/li>\n<li>un dispozitiv de etichetare audio pentru nev\u0103z\u0103tori astfel incat se va realiza prezentarea celor 3 opere din Targu-Jiu pentru deficientii de vedere sub forma audio cu ajutorul unui aparat cu casti ce va reda audio descrierea operelor expuse<\/li>\n<li>un album tactil cu descrieri braille in cadrul unei brosuri dedicate deficientilor de vedere<\/li>\n<li>realizarea unui eveniment de promovare a pachetului tactilizat pentru deficientii de vedere in parteneriat cu Centrul Constantin Brancusi si a proiectului in general<\/li>\n<li>un web site optimizat pentru a asigura accesul facil la informa\u021bii despre proiect \u0219i alte resurse relevante pentru persoanele cu dizabilitati si cei interesati<\/li>\n<li>80 de tricouri inscriptionate cu denumirea proiectului<\/li>\n<li>80 de persoane cu dizabilitati si voluntari implicati in proiect<\/li>\n<li>asigurarea accesului persoanelor cu dizabilitati in scaun rulant sau greu deplasabile, pe perioada derularii proiectului (iulie\u2013 noiembrie), din judetul Gorj, la transport adaptat cu un autoturism dedicat exclusiv acestei activitati<\/li>\n<li>aparitii in presa scrisa si aparitii TV despre proiect<\/li>\n<\/ul>\n\n\n<div class=\"wp-block-getwid-advanced-spacer\" style=\"height:20px\" aria-hidden=\"true\"><\/div>\n<\/div><\/div><\/div><\/div><\/div>\n\n\n\n<p class=\" eplus-wrapper\"><\/p>\n","protected":false},"excerpt":{"rendered":"","protected":false},"author":1,"featured_media":0,"parent":0,"menu_order":0,"comment_status":"closed","ping_status":"closed","template":"","meta":{"editor_plus_copied_stylings":"{}","kk_blocks_editor_width":"","_kiokenblocks_attr":"","_kiokenblocks_dimensions":"","footnotes":""},"class_list":["post-509","page","type-page","status-publish","hentry"],"_links":{"self":[{"href":"https:\/\/www.servim-comunitatea.ro\/index.php\/wp-json\/wp\/v2\/pages\/509","targetHints":{"allow":["GET"]}}],"collection":[{"href":"https:\/\/www.servim-comunitatea.ro\/index.php\/wp-json\/wp\/v2\/pages"}],"about":[{"href":"https:\/\/www.servim-comunitatea.ro\/index.php\/wp-json\/wp\/v2\/types\/page"}],"author":[{"embeddable":true,"href":"https:\/\/www.servim-comunitatea.ro\/index.php\/wp-json\/wp\/v2\/users\/1"}],"replies":[{"embeddable":true,"href":"https:\/\/www.servim-comunitatea.ro\/index.php\/wp-json\/wp\/v2\/comments?post=509"}],"version-history":[{"count":16,"href":"https:\/\/www.servim-comunitatea.ro\/index.php\/wp-json\/wp\/v2\/pages\/509\/revisions"}],"predecessor-version":[{"id":581,"href":"https:\/\/www.servim-comunitatea.ro\/index.php\/wp-json\/wp\/v2\/pages\/509\/revisions\/581"}],"wp:attachment":[{"href":"https:\/\/www.servim-comunitatea.ro\/index.php\/wp-json\/wp\/v2\/media?parent=509"}],"curies":[{"name":"wp","href":"https:\/\/api.w.org\/{rel}","templated":true}]}}