{"id":588,"date":"2024-11-25T18:00:53","date_gmt":"2024-11-25T16:00:53","guid":{"rendered":"https:\/\/www3.servim-comunitatea.ro\/?page_id=588"},"modified":"2024-11-25T18:42:29","modified_gmt":"2024-11-25T16:42:29","slug":"mobilitate-in-comunitate","status":"publish","type":"page","link":"https:\/\/www.servim-comunitatea.ro\/index.php\/mobilitate-in-comunitate\/","title":{"rendered":"Mobilitate in comunitate"},"content":{"rendered":"\n<div class=\"wp-block-getwid-section alignfull alignfull getwid-section-content-custom-width\"><div class=\"wp-block-getwid-section__wrapper getwid-padding-left-medium getwid-padding-right-medium\"><div class=\"wp-block-getwid-section__inner-wrapper\" style=\"max-width:1140px\"><div class=\"wp-block-getwid-section__background-holder\"><div class=\"wp-block-getwid-section__background\"><\/div><div class=\"wp-block-getwid-section__foreground\"><\/div><\/div><div class=\"wp-block-getwid-section__content\"><div class=\"wp-block-getwid-section__inner-content\"><div class=\"has-2-columns are-vertically-aligned-center wp-block-columns eplus-wrapper is-layout-flex wp-container-core-columns-is-layout-9d6595d7 wp-block-columns-is-layout-flex eplus-styles-uid-49d29a\">\n<div class=\"is-vertically-aligned-center wp-block-column eplus-wrapper is-layout-flow wp-block-column-is-layout-flow\">\n<div class=\"wp-block-getwid-image-hotspot size-large\" data-appearance-animation=\"none\" data-image-points=\"[]\" data-trigger=\"click\" data-theme=\"light\" data-tooltip-animation=\"shift-toward\" data-arrow=\"true\"><div class=\"wp-block-getwid-image-hotspot__wrapper\"><img loading=\"lazy\" decoding=\"async\" width=\"960\" height=\"541\" src=\"https:\/\/www.servim-comunitatea.ro\/wp-content\/uploads\/2024\/11\/Masina-poza-event-2.jpg\" alt=\"\" class=\"wp-block-getwid-image-hotspot__image wp-image-589\" srcset=\"https:\/\/www.servim-comunitatea.ro\/wp-content\/uploads\/2024\/11\/Masina-poza-event-2.jpg 960w, https:\/\/www.servim-comunitatea.ro\/wp-content\/uploads\/2024\/11\/Masina-poza-event-2-300x169.jpg 300w, https:\/\/www.servim-comunitatea.ro\/wp-content\/uploads\/2024\/11\/Masina-poza-event-2-768x433.jpg 768w\" sizes=\"auto, (max-width: 960px) 100vw, 960px\" \/><\/div><\/div>\n<\/div>\n\n\n\n<div class=\"is-vertically-aligned-center wp-block-column eplus-wrapper is-layout-flow wp-block-column-is-layout-flow\">\n<div class=\"wp-block-getwid-section\"><div class=\"wp-block-getwid-section__wrapper getwid-padding-top-none getwid-padding-bottom-none getwid-padding-left-medium getwid-padding-right-none getwid-padding-mobile-left-none\"><div class=\"wp-block-getwid-section__inner-wrapper\"><div class=\"wp-block-getwid-section__background-holder\"><div class=\"wp-block-getwid-section__background\"><\/div><div class=\"wp-block-getwid-section__foreground\"><\/div><\/div><div class=\"wp-block-getwid-section__content\"><div class=\"wp-block-getwid-section__inner-content\"><p class=\" has-arial-font-family has-custom-font eplus-wrapper eplus-styles-uid-24b8d8\" style=\"font-family:Arial\"><strong>Asociatia Servim Comunitatea a reusit sa dezvolte, incepand cu anul 2021, primul program social de transport adaptat persoanelor in scaun rulant din Targu-Jiu.<\/strong> Acest program este destinat persoanelor cu dizabilitati ce intampina greutati in a se deplasa in vederea participarii la viata sociala, deplasare la Comisia de evaluare a persoanelor cu dizabilitati, la spital, cabinete medicale, la\u00a0 centre de zi pentru persoane cu dizabilitati, etc.<\/p>\n\n\n<p class=\" has-arial-font-family has-custom-font eplus-wrapper\" style=\"font-family:Arial\"><\/p>\n\n\n\n<div class=\"wp-block-getwid-advanced-spacer\" style=\"height:10px\" aria-hidden=\"true\"><\/div>\n<\/div><\/div><\/div><\/div><\/div>\n<\/div>\n<\/div>\n\n<p class=\" has-arial-font-family has-custom-font eplus-wrapper eplus-styles-uid-24b8d8\" style=\"font-family:Arial\">Activitatea de transport adaptata pentru persoanele cu dizabilitati s-a infiintat si a fost pusa in practica datorita proiectului \u201dAntreprenoriat Social &#8211; Progres, Echitate, Respect (ASPER)\u201d\u00a0 &#8211; contract de finan\u021bare POCU\/449\/4\/16\/128242 finan\u021bat de Ministerul Fondurilor Europene, prin Autoritatea de Management pentru POCU (AM POCU)\/ Organismele Intermediare Regionale pentru POCU (OIR POCU), Axa Prioritar\u0103 4 \u201eIncluziunea social\u0103 \u0219i combaterea s\u0103r\u0103ciei\u201d, obiectivul specific 4.16 al POCU<\/p>\n\n<p class=\" has-arial-font-family has-custom-font eplus-wrapper eplus-styles-uid-24b8d8\" style=\"font-family:Arial\">Prin intermediul proiectului am achizitionat un autoturism nou, marca Dacia Dokker, pe care l-am adaptat corespunzator printr-o firma de specialitate, cu rampa de acces, sistem de siguranta si confort Future Safe cu sprijin lombar si cervical\u00a0; fixare fotoliu rulant in patru puncte cu doua centuri de siguranta retractabile in partea din fata si doua centuri cu tensionare in partea din spate. Am angajat un sofer pentru asigurarea transportului adaptat,de Luni pana Vineri, 8 ore pe zi<\/p>\n\n<p class=\" has-arial-font-family has-custom-font eplus-wrapper eplus-styles-uid-24b8d8\" style=\"font-family:Arial\">De asemenea, o persoana cu dizabilitati, angajata pe acest proiect, 4 ore\/zi, opereaza zilnic preluarea comenzilor de la persoanele cu dizabilitati eligibile<strong>,<\/strong> planific\u0103 \u0219i aloc\u0103 vehiculul \u0219i \u0219oferul pentru efectuarea curselor de transport punct la punct la numarul de telefon 0772 22 33 44.<\/p>\n\n\n<p class=\" eplus-wrapper\"><strong>Parteneri implementare proiect:<\/strong><\/p>\n\n\n\n<p class=\" eplus-wrapper\"><a href=\"http:\/\/www.apsg.ro\" target=\"_blank\" rel=\"noreferrer noopener\">Asociatia Psihologilor Gorjeni<\/a><\/p>\n\n\n\n<p class=\" eplus-wrapper\"><a href=\"http:\/\/www.apho.ro\" target=\"_blank\" rel=\"noreferrer noopener\">Asociatia Persoanelor cu Handicap din Oltenia<\/a><\/p>\n\n\n\n<p class=\" eplus-wrapper\"><a href=\"https:\/\/www.targujiu.ro\/\" target=\"_blank\" rel=\"noreferrer noopener\">Primaria Municipiului Targu-Jiu<\/a><\/p>\n\n\n<p class=\" has-arial-font-family has-custom-font eplus-wrapper eplus-styles-uid-24b8d8\" style=\"font-family:Arial\">Lipsa unui transport de tip taxi adaptat duce la imposibilitatea persoanelor cu dizabilitati in scaun rulant de a se deplasa atunci cand au probleme de rezolvat, de a accesa servicii medicale si sociale, de participare la actul educational \u0219i acces la piata muncii.\u00a0Prin acest proiect putem s\u0103 venim in sprijinul oamenilor, dorim s\u0103 le u\u015furam via\u0163a persoanelor cu nevoi speciale.\u00a0Multi dintre acestia nu reusesc sa ajunga la diferite puncte de interes pentru ei deoarece<strong>\u00a0nu se pot descurca pe cont propriu\u00a0<\/strong> sa ajung\u0103 la o destina\u021bie precis\u0103 f\u0103r\u0103 un serviciu specializat de transport adaptat cu rampa de acces care ii preia din fata locuintei. <\/p><\/div><\/div><\/div><\/div><\/div>\n","protected":false},"excerpt":{"rendered":"","protected":false},"author":1,"featured_media":0,"parent":0,"menu_order":0,"comment_status":"closed","ping_status":"closed","template":"","meta":{"editor_plus_copied_stylings":"{}","kk_blocks_editor_width":"","_kiokenblocks_attr":"","_kiokenblocks_dimensions":"","footnotes":""},"class_list":["post-588","page","type-page","status-publish","hentry"],"_links":{"self":[{"href":"https:\/\/www.servim-comunitatea.ro\/index.php\/wp-json\/wp\/v2\/pages\/588","targetHints":{"allow":["GET"]}}],"collection":[{"href":"https:\/\/www.servim-comunitatea.ro\/index.php\/wp-json\/wp\/v2\/pages"}],"about":[{"href":"https:\/\/www.servim-comunitatea.ro\/index.php\/wp-json\/wp\/v2\/types\/page"}],"author":[{"embeddable":true,"href":"https:\/\/www.servim-comunitatea.ro\/index.php\/wp-json\/wp\/v2\/users\/1"}],"replies":[{"embeddable":true,"href":"https:\/\/www.servim-comunitatea.ro\/index.php\/wp-json\/wp\/v2\/comments?post=588"}],"version-history":[{"count":5,"href":"https:\/\/www.servim-comunitatea.ro\/index.php\/wp-json\/wp\/v2\/pages\/588\/revisions"}],"predecessor-version":[{"id":595,"href":"https:\/\/www.servim-comunitatea.ro\/index.php\/wp-json\/wp\/v2\/pages\/588\/revisions\/595"}],"wp:attachment":[{"href":"https:\/\/www.servim-comunitatea.ro\/index.php\/wp-json\/wp\/v2\/media?parent=588"}],"curies":[{"name":"wp","href":"https:\/\/api.w.org\/{rel}","templated":true}]}}